{"id":101250,"date":"2024-09-23T14:27:53","date_gmt":"2024-09-23T02:27:53","guid":{"rendered":"https:\/\/temihana.org.nz\/?page_id=101250"},"modified":"2026-04-07T09:20:13","modified_gmt":"2026-04-06T21:20:13","slug":"hemi-tapu","status":"publish","type":"page","link":"https:\/\/temihana.org.nz\/mi\/hemi-tapu\/","title":{"rendered":"H\u0113mi Tapu"},"content":{"rendered":"\n[et_pb_section fb_built=&#8221;1&#8243; custom_padding_last_edited=&#8221;on|phone&#8221; _builder_version=&#8221;4.27.4&#8243; _dynamic_attributes=&#8221;background_image&#8221; _module_preset=&#8221;default&#8221; background_color=&#8221;#2b2b3e&#8221; background_enable_color=&#8221;off&#8221; use_background_color_gradient=&#8221;on&#8221; background_color_gradient_stops=&#8221;rgba(47,38,25,0.33) 0%|rgba(47,38,25,0.25) 15%&#8221; background_color_gradient_overlays_image=&#8221;on&#8221; background_color_gradient_start=&#8221;rgba(43,43,62,0.33)&#8221; background_color_gradient_end=&#8221;rgba(43,43,62,0.25)&#8221; background_color_gradient_end_position=&#8221;15%&#8221; background_image=&#8221;@ET-DC@eyJkeW5hbWljIjp0cnVlLCJjb250ZW50IjoicG9zdF9mZWF0dXJlZF9pbWFnZSIsInNldHRpbmdzIjp7fX0=@&#8221; parallax=&#8221;on&#8221; custom_padding=&#8221;75px||75px||true|false&#8221; custom_padding_tablet=&#8221;50px||50px||true|false&#8221; custom_padding_phone=&#8221;25px||25px||true|false&#8221; global_module=&#8221;251&#8243; saved_tabs=&#8221;all&#8221; locked=&#8221;off&#8221; global_colors_info=&#8221;{}&#8221;][et_pb_row _builder_version=&#8221;4.16&#8243; _module_preset=&#8221;default&#8221; global_colors_info=&#8221;{}&#8221;][et_pb_column type=&#8221;4_4&#8243; _builder_version=&#8221;4.16&#8243; _module_preset=&#8221;default&#8221; global_colors_info=&#8221;{}&#8221;][et_pb_text _builder_version=&#8221;4.27.4&#8243; _dynamic_attributes=&#8221;content&#8221; _module_preset=&#8221;default&#8221; text_font=&#8221;&#8211;et_global_heading_font|700|||||||&#8221; text_font_size=&#8221;60px&#8221; text_line_height=&#8221;1.2em&#8221; header_font=&#8221;&#8211;et_global_heading_font|&#8211;et_global_heading_font_weight|||||||&#8221; header_font_size=&#8221;60px&#8221; text_orientation=&#8221;center&#8221; background_layout=&#8221;dark&#8221; width=&#8221;750px&#8221; max_width=&#8221;80%&#8221; module_alignment=&#8221;center&#8221; text_font_size_tablet=&#8221;48px&#8221; text_font_size_phone=&#8221;36px&#8221; text_font_size_last_edited=&#8221;on|phone&#8221; header_font_size_tablet=&#8221;48px&#8221; header_font_size_phone=&#8221;36px&#8221; header_font_size_last_edited=&#8221;on|phone&#8221; locked=&#8221;off&#8221; global_colors_info=&#8221;{}&#8221;]@ET-DC@eyJkeW5hbWljIjp0cnVlLCJjb250ZW50IjoicG9zdF90aXRsZSIsInNldHRpbmdzIjp7ImJlZm9yZSI6IjxoMSBzdHlsZT1cInBhZGRpbmctYm90dG9tOiAwcHhcIj4iLCJhZnRlciI6IjwvaDE+In19@[\/et_pb_text][\/et_pb_column][\/et_pb_row][\/et_pb_section][et_pb_section fb_built=&#8221;1&#8243; custom_padding_last_edited=&#8221;on|tablet&#8221; _builder_version=&#8221;4.27.0&#8243; _module_preset=&#8221;default&#8221; background_enable_color=&#8221;off&#8221; custom_padding=&#8221;90px||0px||false|false&#8221; custom_padding_tablet=&#8221;30px||||false|false&#8221; custom_padding_phone=&#8221;30px||||false|false&#8221; global_colors_info=&#8221;{}&#8221;][et_pb_row _builder_version=&#8221;4.27.4&#8243; _module_preset=&#8221;default&#8221;][et_pb_column _builder_version=&#8221;4.27.4&#8243; _module_preset=&#8221;default&#8221; type=&#8221;4_4&#8243;][et_pb_image src=&#8221;https:\/\/temihana.org.nz\/wp-content\/uploads\/2026\/04\/6.-HT-Logo-Rectangle-White-Full-Info.png&#8221; _builder_version=&#8221;4.27.4&#8243; _module_preset=&#8221;default&#8221; hover_enabled=&#8221;0&#8243; sticky_enabled=&#8221;0&#8243; alt=&#8221;H\u0113mi Tapu Logo&#8221;][\/et_pb_image][\/et_pb_column][\/et_pb_row][et_pb_row column_structure=&#8221;1_2,1_2&#8243; use_custom_gutter=&#8221;on&#8221; gutter_width=&#8221;1&#8243; make_equal=&#8221;on&#8221; _builder_version=&#8221;4.27.4&#8243; _module_preset=&#8221;default&#8221; width=&#8221;100%&#8221; max_width=&#8221;100%&#8221; custom_padding=&#8221;0px||0px||true|false&#8221; global_colors_info=&#8221;{}&#8221;][et_pb_column type=&#8221;1_2&#8243; module_class=&#8221;inlineBtns&#8221; _builder_version=&#8221;4.27.4&#8243; _module_preset=&#8221;default&#8221; custom_padding=&#8221;100px|7%|100px|7%|true|true&#8221; custom_padding_tablet=&#8221;75px|10%|75px|10%|true|true&#8221; custom_padding_phone=&#8221;50px||50px||true|true&#8221; custom_padding_last_edited=&#8221;on|phone&#8221; global_colors_info=&#8221;{}&#8221;][et_pb_text _builder_version=&#8221;4.27.0&#8243; _module_preset=&#8221;1fc3cd09-8169-495e-a4e9-484640c3bbe3&#8243; header_2_font=&#8221;|&#8211;et_global_heading_font_weight|||||||&#8221; custom_margin=&#8221;||30px||false|false&#8221; locked=&#8221;off&#8221; global_colors_info=&#8221;{}&#8221;]<h2>A Brief History<\/h2>[\/et_pb_text][et_pb_text _builder_version=&#8221;4.27.4&#8243; _module_preset=&#8221;default&#8221; custom_margin=&#8221;||30px||false|false&#8221; locked=&#8221;off&#8221; global_colors_info=&#8221;{}&#8221;]<p>H\u0113mi Tapu Church, located in Kelston, is the western base of the Auckland Anglican M\u0101ori Mission. Te M\u012bhana M\u0101ori \u014d Wait\u0101kere has been based in the whare for over 40 years.<\/p>\n<p>Throughout its history, H\u0113mi Tapu has been closely associated with the Waipareira Trust, providing free services and support for wh\u0101nau of all ages in West Auckland, including health, legal, housing, and education services.<\/p>\n<p>On Sunday 15 February 2026, the church celebrated the installation of Rev. R\u0101wiri David Rat\u016b as priest-in-charge. An event attended by 140 people, with the Archdeacon of T\u0101maki Makaurau (Ven. Mark Barnard) conducting the installation.<\/p>[\/et_pb_text][\/et_pb_column][et_pb_column type=&#8221;1_2&#8243; _builder_version=&#8221;4.27.4&#8243; _module_preset=&#8221;default&#8221; background_enable_color=&#8221;off&#8221; background_image=&#8221;https:\/\/temihana.org.nz\/wp-content\/uploads\/2026\/02\/Revd-David-Ratus-Installation-Hemi-Tapu-Sun-15-Feb-2026-133-scaled.jpg&#8221; background_position=&#8221;bottom_center&#8221; global_colors_info=&#8221;{}&#8221;][et_pb_divider show_divider=&#8221;off&#8221; _builder_version=&#8221;4.27.0&#8243; _module_preset=&#8221;default&#8221; custom_padding_tablet=&#8221;300px||300px||true|false&#8221; custom_padding_phone=&#8221;200px||200px||true|false&#8221; custom_padding_last_edited=&#8221;on|phone&#8221; global_colors_info=&#8221;{}&#8221;][\/et_pb_divider][\/et_pb_column][\/et_pb_row][\/et_pb_section][et_pb_section fb_built=&#8221;1&#8243; admin_label=&#8221;Call to Action&#8221; _builder_version=&#8221;4.27.0&#8243; _module_preset=&#8221;default&#8221; background_enable_color=&#8221;off&#8221; background_enable_image=&#8221;off&#8221; z_index=&#8221;100&#8243; width=&#8221;100%&#8221; custom_padding=&#8221;0px||0px||true|false&#8221; saved_tabs=&#8221;all&#8221; global_colors_info=&#8221;{}&#8221;][et_pb_row column_structure=&#8221;1_2,1_2&#8243; use_custom_gutter=&#8221;on&#8221; gutter_width=&#8221;1&#8243; make_equal=&#8221;on&#8221; _builder_version=&#8221;4.27.4&#8243; _module_preset=&#8221;default&#8221; background_color=&#8221;#bc9a64&#8243; width=&#8221;100%&#8221; max_width=&#8221;100%&#8221; custom_padding=&#8221;0px||0px||true|false&#8221; global_colors_info=&#8221;{}&#8221;][et_pb_column type=&#8221;1_2&#8243; _builder_version=&#8221;4.27.4&#8243; _module_preset=&#8221;default&#8221; background_image=&#8221;https:\/\/temihana.org.nz\/wp-content\/uploads\/2026\/02\/Revd-David-Ratus-Installation-Hemi-Tapu-Sun-15-Feb-2026-096-scaled.jpg&#8221; box_shadow_style=&#8221;preset1&#8243; box_shadow_blur=&#8221;80px&#8221; box_shadow_color=&#8221;rgba(43,43,62,0.25)&#8221; global_colors_info=&#8221;{}&#8221;][et_pb_divider show_divider=&#8221;off&#8221; _builder_version=&#8221;4.27.0&#8243; _module_preset=&#8221;default&#8221; custom_padding_tablet=&#8221;300px||300px||true|false&#8221; custom_padding_phone=&#8221;200px||200px||true|false&#8221; custom_padding_last_edited=&#8221;on|phone&#8221; global_colors_info=&#8221;{}&#8221;][\/et_pb_divider][\/et_pb_column][et_pb_column type=&#8221;1_2&#8243; _builder_version=&#8221;4.27.4&#8243; _module_preset=&#8221;default&#8221; background_color=&#8221;#D3AD70&#8243; custom_padding=&#8221;125px|75px|125px|75px|true|true&#8221; custom_padding_tablet=&#8221;75px||75px||true|true&#8221; custom_padding_phone=&#8221;75px|10%|75px|10%|true|true&#8221; custom_padding_last_edited=&#8221;on|desktop&#8221; border_width_top=&#8221;35px&#8221; border_color_top=&#8221;#D3AD70&#8243; border_width_bottom=&#8221;35px&#8221; border_color_bottom=&#8221;#D3AD70&#8243; border_width_top_tablet=&#8221;0px&#8221; border_width_top_phone=&#8221;&#8221; border_width_top_last_edited=&#8221;on|tablet&#8221; border_width_bottom_tablet=&#8221;0px&#8221; border_width_bottom_phone=&#8221;&#8221; border_width_bottom_last_edited=&#8221;on|desktop&#8221; global_colors_info=&#8221;{}&#8221;][et_pb_text _builder_version=&#8221;4.27.0&#8243; _module_preset=&#8221;1fc3cd09-8169-495e-a4e9-484640c3bbe3&#8243; header_2_font=&#8221;&#8211;et_global_heading_font||||||||&#8221; header_2_font_size=&#8221;42px&#8221; background_layout=&#8221;dark&#8221; header_2_font_size_tablet=&#8221;36px&#8221; header_2_font_size_phone=&#8221;30px&#8221; header_2_font_size_last_edited=&#8221;on|phone&#8221; locked=&#8221;off&#8221; global_colors_info=&#8221;{}&#8221;]<h2>Services<\/h2>[\/et_pb_text][et_pb_text _builder_version=&#8221;4.27.4&#8243; _module_preset=&#8221;default&#8221; background_layout=&#8221;dark&#8221; custom_margin=&#8221;||35px||false|false&#8221; locked=&#8221;off&#8221; global_colors_info=&#8221;{}&#8221;]<p>Location: <span style=\"text-decoration: underline;\"><span style=\"color: #ffffff;\"><a href=\"https:\/\/g.co\/kgs\/JvB7k56\" style=\"color: #ffffff; text-decoration: underline;\" target=\"_blank\" rel=\"noopener\">56 Archibald Road, Kelston, Auckland, 0602<\/a><\/span><\/span><\/p>\n<p>Service Time: 9.30am each Sunday<\/p>\n<p>Pirihi Matua (Priest-in-charge): Rev&#8217;d Raawiri David Rat\u016b<\/p>\n<p>Email: <span style=\"text-decoration: underline;\"><span style=\"color: #ffffff;\"><a href=\"mailto:info.hemitapu@gmail.com\" style=\"color: #ffffff; text-decoration: underline;\">info.hemitapu@gmail.com<\/a><\/span><\/span><\/p>\n<p>Info: bilingual services (te reo M\u0101ori and English). <br \/>Please stay for a cup of tea and whanaungatanga after the service.<\/p>[\/et_pb_text][et_pb_button button_url=&#8221;https:\/\/share.google\/Pjj6L86i8JvfGEbBX&#8221; url_new_window=&#8221;on&#8221; button_text=&#8221;View on google maps&#8221; _builder_version=&#8221;4.27.4&#8243; _module_preset=&#8221;79e76ee9-5feb-42e4-996a-674ed92bd1dc&#8221; animation_style=&#8221;fade&#8221; locked=&#8221;off&#8221; global_colors_info=&#8221;{}&#8221;][\/et_pb_button][\/et_pb_column][\/et_pb_row][\/et_pb_section][et_pb_section fb_built=&#8221;1&#8243; admin_label=&#8221;Gallery&#8221; module_id=&#8221;gallery&#8221; module_class=&#8221;mosaicGallery&#8221; _builder_version=&#8221;4.27.4&#8243; _module_preset=&#8221;default&#8221; background_enable_color=&#8221;off&#8221; global_colors_info=&#8221;{%22gcid-b6854dda-9261-4ff3-9a9b-4d2567ef2585%22:%91%22background_color%22%93}&#8221;][et_pb_row _builder_version=&#8221;4.27.0&#8243; _module_preset=&#8221;default&#8221; custom_padding=&#8221;||0px||false|false&#8221; global_colors_info=&#8221;{}&#8221;][et_pb_column type=&#8221;4_4&#8243; _builder_version=&#8221;4.27.0&#8243; _module_preset=&#8221;default&#8221; global_colors_info=&#8221;{}&#8221;][et_pb_text _builder_version=&#8221;4.27.4&#8243; _module_preset=&#8221;1fc3cd09-8169-495e-a4e9-484640c3bbe3&#8243; header_2_font=&#8221;|&#8211;et_global_heading_font_weight|||||||&#8221; text_orientation=&#8221;center&#8221; animation_style=&#8221;fade&#8221; animation_delay=&#8221;250ms&#8221; locked=&#8221;off&#8221; global_colors_info=&#8221;{}&#8221;]<h2>Gallery<\/h2>[\/et_pb_text][\/et_pb_column][\/et_pb_row][et_pb_row column_structure=&#8221;2_3,1_3&#8243; use_custom_gutter=&#8221;on&#8221; gutter_width=&#8221;2&#8243; make_equal=&#8221;on&#8221; custom_padding_last_edited=&#8221;off|desktop&#8221; _builder_version=&#8221;4.27.4&#8243; _module_preset=&#8221;default&#8221; min_height=&#8221;303.7px&#8221; custom_margin=&#8221;||||false|false&#8221; custom_margin_last_edited=&#8221;off|desktop&#8221; custom_padding=&#8221;||0px||false|false&#8221; custom_padding_tablet=&#8221;30px||0px||false|false&#8221; global_colors_info=&#8221;{}&#8221;][et_pb_column type=&#8221;2_3&#8243; _builder_version=&#8221;4.27.4&#8243; _module_preset=&#8221;default&#8221; background_color=&#8221;#2b2b3e&#8221; background_image=&#8221;https:\/\/temihana.org.nz\/wp-content\/uploads\/2026\/02\/Revd-David-Ratus-Installation-Hemi-Tapu-Sun-15-Feb-2026-055-scaled.jpg&#8221; global_colors_info=&#8221;{}&#8221;][et_pb_divider color=&#8221;rgba(0,0,0,0)&#8221; _builder_version=&#8221;4.27.4&#8243; _module_preset=&#8221;default&#8221; min_height=&#8221;300px&#8221; min_height_tablet=&#8221;300px&#8221; min_height_phone=&#8221;200px&#8221; min_height_last_edited=&#8221;on|phone&#8221; locked=&#8221;off&#8221; global_colors_info=&#8221;{}&#8221;][\/et_pb_divider][\/et_pb_column][et_pb_column type=&#8221;1_3&#8243; _builder_version=&#8221;4.27.4&#8243; _module_preset=&#8221;default&#8221; background_color=&#8221;#2b2b3e&#8221; background_image=&#8221;https:\/\/temihana.org.nz\/wp-content\/uploads\/2026\/02\/Revd-David-Ratus-Installation-Hemi-Tapu-Sun-15-Feb-2026-059-scaled.jpg&#8221; global_colors_info=&#8221;{}&#8221;][et_pb_divider color=&#8221;rgba(0,0,0,0)&#8221; _builder_version=&#8221;4.27.4&#8243; _module_preset=&#8221;default&#8221; min_height=&#8221;300px&#8221; min_height_tablet=&#8221;300px&#8221; min_height_phone=&#8221;200px&#8221; min_height_last_edited=&#8221;on|phone&#8221; locked=&#8221;off&#8221; global_colors_info=&#8221;{}&#8221;][\/et_pb_divider][\/et_pb_column][\/et_pb_row][et_pb_row column_structure=&#8221;1_3,2_3&#8243; use_custom_gutter=&#8221;on&#8221; gutter_width=&#8221;2&#8243; make_equal=&#8221;on&#8221; custom_padding_last_edited=&#8221;off|desktop&#8221; _builder_version=&#8221;4.27.4&#8243; _module_preset=&#8221;default&#8221; min_height=&#8221;359.7px&#8221; custom_margin_last_edited=&#8221;off|desktop&#8221; custom_padding=&#8221;||0px||false|false&#8221; custom_padding_tablet=&#8221;30px||0px||false|false&#8221; global_colors_info=&#8221;{}&#8221;][et_pb_column type=&#8221;1_3&#8243; _builder_version=&#8221;4.27.4&#8243; _module_preset=&#8221;default&#8221; background_color=&#8221;#2b2b3e&#8221; background_image=&#8221;https:\/\/temihana.org.nz\/wp-content\/uploads\/2026\/02\/Revd-David-Ratus-Installation-Hemi-Tapu-Sun-15-Feb-2026-009-scaled.jpg&#8221; global_colors_info=&#8221;{}&#8221;][et_pb_divider color=&#8221;rgba(0,0,0,0)&#8221; _builder_version=&#8221;4.27.4&#8243; _module_preset=&#8221;default&#8221; min_height=&#8221;300px&#8221; min_height_tablet=&#8221;300px&#8221; min_height_phone=&#8221;200px&#8221; min_height_last_edited=&#8221;on|phone&#8221; locked=&#8221;off&#8221; global_colors_info=&#8221;{}&#8221;][\/et_pb_divider][\/et_pb_column][et_pb_column type=&#8221;2_3&#8243; _builder_version=&#8221;4.27.4&#8243; _module_preset=&#8221;default&#8221; background_color=&#8221;#2b2b3e&#8221; background_image=&#8221;https:\/\/temihana.org.nz\/wp-content\/uploads\/2026\/02\/Revd-David-Ratus-Installation-Hemi-Tapu-Sun-15-Feb-2026-010-scaled.jpg&#8221; background_position=&#8221;bottom_center&#8221; global_colors_info=&#8221;{}&#8221;][et_pb_divider color=&#8221;rgba(0,0,0,0)&#8221; _builder_version=&#8221;4.27.4&#8243; _module_preset=&#8221;default&#8221; min_height=&#8221;300px&#8221; min_height_tablet=&#8221;300px&#8221; min_height_phone=&#8221;200px&#8221; min_height_last_edited=&#8221;on|phone&#8221; locked=&#8221;off&#8221; global_colors_info=&#8221;{}&#8221;][\/et_pb_divider][\/et_pb_column][\/et_pb_row][et_pb_row column_structure=&#8221;2_3,1_3&#8243; use_custom_gutter=&#8221;on&#8221; gutter_width=&#8221;2&#8243; make_equal=&#8221;on&#8221; custom_padding_last_edited=&#8221;off|desktop&#8221; _builder_version=&#8221;4.27.4&#8243; _module_preset=&#8221;default&#8221; min_height=&#8221;303.7px&#8221; custom_margin=&#8221;||||false|false&#8221; custom_margin_last_edited=&#8221;off|desktop&#8221; custom_padding=&#8221;||0px||false|false&#8221; custom_padding_tablet=&#8221;30px||0px||false|false&#8221; global_colors_info=&#8221;{}&#8221;][et_pb_column type=&#8221;2_3&#8243; _builder_version=&#8221;4.27.4&#8243; _module_preset=&#8221;default&#8221; background_color=&#8221;#2b2b3e&#8221; background_image=&#8221;https:\/\/temihana.org.nz\/wp-content\/uploads\/2026\/02\/Revd-David-Ratus-Installation-Hemi-Tapu-Sun-15-Feb-2026-168-scaled-e1771468605215.jpg&#8221; background_position=&#8221;top_center&#8221; global_colors_info=&#8221;{}&#8221;][et_pb_divider color=&#8221;rgba(0,0,0,0)&#8221; _builder_version=&#8221;4.27.4&#8243; _module_preset=&#8221;default&#8221; min_height=&#8221;300px&#8221; min_height_tablet=&#8221;300px&#8221; min_height_phone=&#8221;200px&#8221; min_height_last_edited=&#8221;on|phone&#8221; locked=&#8221;off&#8221; global_colors_info=&#8221;{}&#8221;][\/et_pb_divider][\/et_pb_column][et_pb_column type=&#8221;1_3&#8243; _builder_version=&#8221;4.27.4&#8243; _module_preset=&#8221;default&#8221; background_color=&#8221;#2b2b3e&#8221; background_image=&#8221;https:\/\/temihana.org.nz\/wp-content\/uploads\/2026\/02\/Revd-David-Ratus-Installation-Hemi-Tapu-Sun-15-Feb-2026-127-scaled.jpg&#8221; global_colors_info=&#8221;{}&#8221;][et_pb_divider color=&#8221;rgba(0,0,0,0)&#8221; _builder_version=&#8221;4.27.4&#8243; _module_preset=&#8221;default&#8221; min_height=&#8221;300px&#8221; min_height_tablet=&#8221;300px&#8221; min_height_phone=&#8221;200px&#8221; min_height_last_edited=&#8221;on|phone&#8221; locked=&#8221;off&#8221; global_colors_info=&#8221;{}&#8221;][\/et_pb_divider][\/et_pb_column][\/et_pb_row][et_pb_row column_structure=&#8221;1_3,2_3&#8243; use_custom_gutter=&#8221;on&#8221; gutter_width=&#8221;2&#8243; make_equal=&#8221;on&#8221; custom_padding_last_edited=&#8221;off|desktop&#8221; _builder_version=&#8221;4.27.4&#8243; _module_preset=&#8221;default&#8221; min_height=&#8221;303.7px&#8221; custom_margin=&#8221;||||false|false&#8221; custom_margin_last_edited=&#8221;off|desktop&#8221; custom_padding=&#8221;||0px||false|false&#8221; custom_padding_tablet=&#8221;30px||0px||false|false&#8221; global_colors_info=&#8221;{}&#8221;][et_pb_column type=&#8221;1_3&#8243; _builder_version=&#8221;4.27.4&#8243; _module_preset=&#8221;default&#8221; background_color=&#8221;#2b2b3e&#8221; background_image=&#8221;https:\/\/temihana.org.nz\/wp-content\/uploads\/2026\/02\/Revd-David-Ratus-Installation-Hemi-Tapu-Sun-15-Feb-2026-117-scaled.jpg&#8221; global_colors_info=&#8221;{}&#8221;][et_pb_divider color=&#8221;rgba(0,0,0,0)&#8221; _builder_version=&#8221;4.27.4&#8243; _module_preset=&#8221;default&#8221; min_height=&#8221;300px&#8221; min_height_tablet=&#8221;300px&#8221; min_height_phone=&#8221;200px&#8221; min_height_last_edited=&#8221;on|phone&#8221; locked=&#8221;off&#8221; global_colors_info=&#8221;{}&#8221;][\/et_pb_divider][\/et_pb_column][et_pb_column type=&#8221;2_3&#8243; _builder_version=&#8221;4.27.4&#8243; _module_preset=&#8221;default&#8221; background_color=&#8221;#2b2b3e&#8221; background_image=&#8221;https:\/\/temihana.org.nz\/wp-content\/uploads\/2026\/02\/Revd-David-Ratus-Installation-Hemi-Tapu-Sun-15-Feb-2026-138-scaled.jpg&#8221; global_colors_info=&#8221;{}&#8221;][et_pb_divider color=&#8221;rgba(0,0,0,0)&#8221; _builder_version=&#8221;4.27.4&#8243; _module_preset=&#8221;default&#8221; min_height=&#8221;300px&#8221; min_height_tablet=&#8221;300px&#8221; min_height_phone=&#8221;200px&#8221; min_height_last_edited=&#8221;on|phone&#8221; locked=&#8221;off&#8221; global_colors_info=&#8221;{}&#8221;][\/et_pb_divider][\/et_pb_column][\/et_pb_row][et_pb_row column_structure=&#8221;2_3,1_3&#8243; use_custom_gutter=&#8221;on&#8221; gutter_width=&#8221;2&#8243; make_equal=&#8221;on&#8221; custom_padding_last_edited=&#8221;off|desktop&#8221; _builder_version=&#8221;4.27.4&#8243; _module_preset=&#8221;default&#8221; background_size=&#8221;contain&#8221; background_blend=&#8221;color-dodge&#8221; custom_margin=&#8221;||||false|false&#8221; custom_margin_last_edited=&#8221;off|desktop&#8221; custom_padding=&#8221;||0px||false|false&#8221; custom_padding_tablet=&#8221;30px||0px||false|false&#8221; global_colors_info=&#8221;{}&#8221;][et_pb_column type=&#8221;2_3&#8243; _builder_version=&#8221;4.27.4&#8243; _module_preset=&#8221;default&#8221; background_color=&#8221;#2b2b3e&#8221; background_image=&#8221;https:\/\/temihana.org.nz\/wp-content\/uploads\/2026\/02\/Revd-David-Ratus-Installation-Hemi-Tapu-Sun-15-Feb-2026-150-1-scaled.jpg&#8221; global_colors_info=&#8221;{}&#8221;][et_pb_divider color=&#8221;rgba(0,0,0,0)&#8221; _builder_version=&#8221;4.27.4&#8243; _module_preset=&#8221;default&#8221; min_height=&#8221;300px&#8221; min_height_tablet=&#8221;300px&#8221; min_height_phone=&#8221;200px&#8221; min_height_last_edited=&#8221;on|phone&#8221; locked=&#8221;off&#8221; global_colors_info=&#8221;{}&#8221;][\/et_pb_divider][\/et_pb_column][et_pb_column type=&#8221;1_3&#8243; _builder_version=&#8221;4.27.4&#8243; _module_preset=&#8221;default&#8221; background_color=&#8221;#2b2b3e&#8221; background_image=&#8221;https:\/\/temihana.org.nz\/wp-content\/uploads\/2026\/02\/Revd-David-Ratus-Installation-Hemi-Tapu-Sun-15-Feb-2026-159-scaled.jpg&#8221; global_colors_info=&#8221;{}&#8221;][et_pb_divider color=&#8221;rgba(0,0,0,0)&#8221; _builder_version=&#8221;4.27.4&#8243; _module_preset=&#8221;default&#8221; min_height=&#8221;300px&#8221; min_height_tablet=&#8221;300px&#8221; min_height_phone=&#8221;200px&#8221; min_height_last_edited=&#8221;on|phone&#8221; locked=&#8221;off&#8221; global_colors_info=&#8221;{}&#8221;][\/et_pb_divider][\/et_pb_column][\/et_pb_row][et_pb_row column_structure=&#8221;1_3,2_3&#8243; use_custom_gutter=&#8221;on&#8221; gutter_width=&#8221;2&#8243; make_equal=&#8221;on&#8221; custom_padding_last_edited=&#8221;off|desktop&#8221; _builder_version=&#8221;4.27.4&#8243; _module_preset=&#8221;default&#8221; background_size=&#8221;contain&#8221; background_blend=&#8221;color-dodge&#8221; custom_margin=&#8221;||||false|false&#8221; custom_margin_last_edited=&#8221;off|desktop&#8221; custom_padding=&#8221;||0px||false|false&#8221; custom_padding_tablet=&#8221;30px||0px||false|false&#8221; global_colors_info=&#8221;{}&#8221;][et_pb_column type=&#8221;1_3&#8243; _builder_version=&#8221;4.27.4&#8243; _module_preset=&#8221;default&#8221; background_color=&#8221;#2b2b3e&#8221; background_image=&#8221;https:\/\/temihana.org.nz\/wp-content\/uploads\/2026\/02\/Revd-David-Ratus-Installation-Hemi-Tapu-Sun-15-Feb-2026-012-scaled.jpg&#8221; global_colors_info=&#8221;{}&#8221;][et_pb_divider color=&#8221;rgba(0,0,0,0)&#8221; _builder_version=&#8221;4.27.4&#8243; _module_preset=&#8221;default&#8221; min_height=&#8221;300px&#8221; min_height_tablet=&#8221;300px&#8221; min_height_phone=&#8221;200px&#8221; min_height_last_edited=&#8221;on|phone&#8221; locked=&#8221;off&#8221; global_colors_info=&#8221;{}&#8221;][\/et_pb_divider][\/et_pb_column][et_pb_column type=&#8221;2_3&#8243; _builder_version=&#8221;4.27.4&#8243; _module_preset=&#8221;default&#8221; background_color=&#8221;#2b2b3e&#8221; background_image=&#8221;https:\/\/temihana.org.nz\/wp-content\/uploads\/2026\/02\/Revd-David-Ratus-Installation-Hemi-Tapu-Sun-15-Feb-2026-049-scaled.jpg&#8221; background_position=&#8221;bottom_center&#8221; global_colors_info=&#8221;{}&#8221;][et_pb_divider color=&#8221;rgba(0,0,0,0)&#8221; _builder_version=&#8221;4.27.4&#8243; _module_preset=&#8221;default&#8221; min_height=&#8221;300px&#8221; min_height_tablet=&#8221;300px&#8221; min_height_phone=&#8221;200px&#8221; min_height_last_edited=&#8221;on|phone&#8221; locked=&#8221;off&#8221; global_colors_info=&#8221;{}&#8221;][\/et_pb_divider][\/et_pb_column][\/et_pb_row][\/et_pb_section]\n","protected":false},"excerpt":{"rendered":"<p>A Brief HistoryH\u0113mi Tapu Church, located in Kelston, is the western base of the Auckland Anglican M\u0101ori Mission. Te M\u012bhana M\u0101ori \u014d Wait\u0101kere has been based in the whare for over 40 years. Throughout its history, H\u0113mi Tapu has been closely associated with the Waipareira Trust, providing free services and support for wh\u0101nau of all [&hellip;]<\/p>\n","protected":false},"author":1,"featured_media":102151,"parent":0,"menu_order":5,"comment_status":"closed","ping_status":"closed","template":"","meta":{"_et_pb_use_builder":"on","_et_pb_old_content":"<!-- wp:divi\/placeholder \/-->","_et_gb_content_width":"","footnotes":""},"class_list":["post-101250","page","type-page","status-publish","has-post-thumbnail","hentry"],"aioseo_notices":[],"_links":{"self":[{"href":"https:\/\/temihana.org.nz\/mi\/wp-json\/wp\/v2\/pages\/101250","targetHints":{"allow":["GET"]}}],"collection":[{"href":"https:\/\/temihana.org.nz\/mi\/wp-json\/wp\/v2\/pages"}],"about":[{"href":"https:\/\/temihana.org.nz\/mi\/wp-json\/wp\/v2\/types\/page"}],"author":[{"embeddable":true,"href":"https:\/\/temihana.org.nz\/mi\/wp-json\/wp\/v2\/users\/1"}],"replies":[{"embeddable":true,"href":"https:\/\/temihana.org.nz\/mi\/wp-json\/wp\/v2\/comments?post=101250"}],"version-history":[{"count":0,"href":"https:\/\/temihana.org.nz\/mi\/wp-json\/wp\/v2\/pages\/101250\/revisions"}],"wp:featuredmedia":[{"embeddable":true,"href":"https:\/\/temihana.org.nz\/mi\/wp-json\/wp\/v2\/media\/102151"}],"wp:attachment":[{"href":"https:\/\/temihana.org.nz\/mi\/wp-json\/wp\/v2\/media?parent=101250"}],"curies":[{"name":"wp","href":"https:\/\/api.w.org\/{rel}","templated":true}]}}