{"id":101567,"date":"2025-02-17T10:32:21","date_gmt":"2025-02-16T21:32:21","guid":{"rendered":"https:\/\/temihana.org.nz\/?page_id=101567"},"modified":"2025-04-30T22:54:42","modified_gmt":"2025-04-30T10:54:42","slug":"smallgroups","status":"publish","type":"page","link":"https:\/\/temihana.org.nz\/mi\/smallgroups\/","title":{"rendered":"Ng\u0101 R\u014dp\u016b Iti"},"content":{"rendered":"\n[et_pb_section fb_built=&#8221;1&#8243; custom_padding_last_edited=&#8221;on|phone&#8221; _builder_version=&#8221;4.27.4&#8243; _dynamic_attributes=&#8221;background_image&#8221; _module_preset=&#8221;default&#8221; background_color=&#8221;#2b2b3e&#8221; background_enable_color=&#8221;off&#8221; use_background_color_gradient=&#8221;on&#8221; background_color_gradient_stops=&#8221;rgba(47,38,25,0.33) 0%|rgba(47,38,25,0.25) 15%&#8221; background_color_gradient_overlays_image=&#8221;on&#8221; background_color_gradient_start=&#8221;rgba(43,43,62,0.33)&#8221; background_color_gradient_end=&#8221;rgba(43,43,62,0.25)&#8221; background_color_gradient_end_position=&#8221;15%&#8221; background_image=&#8221;@ET-DC@eyJkeW5hbWljIjp0cnVlLCJjb250ZW50IjoicG9zdF9mZWF0dXJlZF9pbWFnZSIsInNldHRpbmdzIjp7fX0=@&#8221; parallax=&#8221;on&#8221; custom_padding=&#8221;75px||75px||true|false&#8221; custom_padding_tablet=&#8221;50px||50px||true|false&#8221; custom_padding_phone=&#8221;25px||25px||true|false&#8221; global_module=&#8221;251&#8243; saved_tabs=&#8221;all&#8221; locked=&#8221;off&#8221; global_colors_info=&#8221;{}&#8221;][et_pb_row _builder_version=&#8221;4.16&#8243; _module_preset=&#8221;default&#8221; global_colors_info=&#8221;{}&#8221;][et_pb_column type=&#8221;4_4&#8243; _builder_version=&#8221;4.16&#8243; _module_preset=&#8221;default&#8221; global_colors_info=&#8221;{}&#8221;][et_pb_text _builder_version=&#8221;4.27.4&#8243; _dynamic_attributes=&#8221;content&#8221; _module_preset=&#8221;default&#8221; text_font=&#8221;&#8211;et_global_heading_font|700|||||||&#8221; text_font_size=&#8221;60px&#8221; text_line_height=&#8221;1.2em&#8221; header_font=&#8221;&#8211;et_global_heading_font|&#8211;et_global_heading_font_weight|||||||&#8221; header_font_size=&#8221;60px&#8221; text_orientation=&#8221;center&#8221; background_layout=&#8221;dark&#8221; width=&#8221;750px&#8221; max_width=&#8221;80%&#8221; module_alignment=&#8221;center&#8221; text_font_size_tablet=&#8221;48px&#8221; text_font_size_phone=&#8221;36px&#8221; text_font_size_last_edited=&#8221;on|phone&#8221; header_font_size_tablet=&#8221;48px&#8221; header_font_size_phone=&#8221;36px&#8221; header_font_size_last_edited=&#8221;on|phone&#8221; locked=&#8221;off&#8221; global_colors_info=&#8221;{}&#8221;]@ET-DC@eyJkeW5hbWljIjp0cnVlLCJjb250ZW50IjoicG9zdF90aXRsZSIsInNldHRpbmdzIjp7ImJlZm9yZSI6IjxoMSBzdHlsZT1cInBhZGRpbmctYm90dG9tOiAwcHhcIj4iLCJhZnRlciI6IjwvaDE+In19@[\/et_pb_text][\/et_pb_column][\/et_pb_row][\/et_pb_section][et_pb_section fb_built=&#8221;1&#8243; _builder_version=&#8221;4.27.0&#8243; _module_preset=&#8221;default&#8221; global_colors_info=&#8221;{}&#8221;][et_pb_row module_class=&#8221;inlineBtns&#8221; _builder_version=&#8221;4.21.0&#8243; _module_preset=&#8221;default&#8221; max_width=&#8221;750px&#8221; global_colors_info=&#8221;{}&#8221;][et_pb_column type=&#8221;4_4&#8243; _builder_version=&#8221;4.16&#8243; _module_preset=&#8221;default&#8221; global_colors_info=&#8221;{}&#8221;][et_pb_text _builder_version=&#8221;4.27.4&#8243; _module_preset=&#8221;default&#8221; locked=&#8221;off&#8221; global_colors_info=&#8221;{}&#8221;]<h2>Small Groups<\/h2>\n<p>We\u2019re excited to announce that Te M\u012bhana M\u0101ori is supporting the development of small groups!<\/p>\n<p>This initiative responds to a growing desire for deeper connection and wh\u0101naungatanga, building on the foundation of our Sunday karakia. <strong>These groups provide an opportunity to deepen our faith and walk with Jesus, while also offering support through life\u2019s highs and lows<\/strong>. They may take different forms, including Bible study groups, prayer groups, or the \u2018sharing group\u2019 that Hayley and Selwyn are starting.<\/p>\n<p>If you&#8217;d like to be part of a group like this, please get in touch with the team: <a href=\"mailto:connections@temihana.org.nz\">connections@temihana.org.nz<\/a>.<\/p>[\/et_pb_text][et_pb_button button_url=&#8221;mailto:connections@temihana.org.nz&#8221; button_text=&#8221;Email The team&#8221; _builder_version=&#8221;4.27.4&#8243; _module_preset=&#8221;default&#8221; custom_button=&#8221;on&#8221; button_use_icon=&#8221;off&#8221; animation_style=&#8221;fade&#8221; animation_delay=&#8221;250ms&#8221; hover_enabled=&#8221;0&#8243; locked=&#8221;off&#8221; global_colors_info=&#8221;{}&#8221; button_border_color__hover_enabled=&#8221;off|hover&#8221; button_text_color__hover_enabled=&#8221;on|hover&#8221; button_text_color__hover=&#8221;#2b100a&#8221; sticky_enabled=&#8221;0&#8243;][\/et_pb_button][\/et_pb_column][\/et_pb_row][et_pb_row module_class=&#8221;inlineBtns&#8221; _builder_version=&#8221;4.27.4&#8243; _module_preset=&#8221;default&#8221; max_width=&#8221;750px&#8221; custom_padding=&#8221;||10px||false|false&#8221; global_colors_info=&#8221;{}&#8221;][et_pb_column type=&#8221;4_4&#8243; _builder_version=&#8221;4.27.4&#8243; _module_preset=&#8221;default&#8221; global_colors_info=&#8221;{}&#8221;][et_pb_text _builder_version=&#8221;4.27.4&#8243; _module_preset=&#8221;1fc3cd09-8169-495e-a4e9-484640c3bbe3&#8243; locked=&#8221;off&#8221; global_colors_info=&#8221;{}&#8221;]<h3>Our Current Small Groups:<\/h3>[\/et_pb_text][\/et_pb_column][\/et_pb_row][et_pb_row column_structure=&#8221;1_4,3_4&#8243; custom_padding_last_edited=&#8221;on|tablet&#8221; _builder_version=&#8221;4.27.0&#8243; _module_preset=&#8221;default&#8221; background_color=&#8221;#FDF8F2&#8243; custom_padding=&#8221;|50px||50px|false|true&#8221; custom_padding_tablet=&#8221;|30px||30px|false|true&#8221; custom_padding_phone=&#8221;&#8221; global_colors_info=&#8221;{}&#8221;][et_pb_column type=&#8221;1_4&#8243; _builder_version=&#8221;4.16&#8243; _module_preset=&#8221;default&#8221; global_colors_info=&#8221;{}&#8221;][et_pb_image src=&#8221;https:\/\/temihana.org.nz\/wp-content\/uploads\/2025\/02\/Screen-Shot-2025-02-12-at-11.41.12-AM.png&#8221; alt=&#8221;Selwyn &#038; Hayley&#8221; _builder_version=&#8221;4.27.4&#8243; _module_preset=&#8221;default&#8221; global_colors_info=&#8221;{}&#8221;][\/et_pb_image][\/et_pb_column][et_pb_column type=&#8221;3_4&#8243; _builder_version=&#8221;4.16&#8243; _module_preset=&#8221;default&#8221; global_colors_info=&#8221;{}&#8221;][et_pb_text _builder_version=&#8221;4.27.4&#8243; _module_preset=&#8221;1fc3cd09-8169-495e-a4e9-484640c3bbe3&#8243; locked=&#8221;off&#8221; global_colors_info=&#8221;{}&#8221;]<h2>Hayley &amp; Selwyn&#8217;s Sharing Group<\/h2>\n<p class=\"p1\">With support from the Te M\u012bhana leadership, Hayley and Selwyn are keen to host a small group focussed on sharing and listening to each other&#8217;s stories and walks with God.<span class=\"Apple-converted-space\">\u00a0<\/span><\/p>\n<p>It would start with some chilled kai and k\u014drero, then open up a space where each person has the opportunity to share a bit about the highs and lows of their last few weeks, and how God might fit into it all. Hayley and Selwyn have had several experiences with this kind of group, and they would love to share it with others as a beautiful, no-expectations invite to connect deeply with people. If you&#8217;d be keen to get connected in, reach out to Selwyn on <a href=\"mailto:selwyncoles@gmail.com\">selwyncoles@gmail.com<\/a>.<\/p>[\/et_pb_text][et_pb_button button_url=&#8221;mailto:selwyncoles@gmail.com&#8221; button_text=&#8221;Email Selwyn&#8221; _builder_version=&#8221;4.27.4&#8243; _module_preset=&#8221;default&#8221; custom_button=&#8221;on&#8221; button_use_icon=&#8221;off&#8221; animation_style=&#8221;fade&#8221; animation_delay=&#8221;250ms&#8221; hover_enabled=&#8221;0&#8243; locked=&#8221;off&#8221; global_colors_info=&#8221;{}&#8221; button_border_color__hover_enabled=&#8221;off|hover&#8221; button_text_color__hover_enabled=&#8221;on|hover&#8221; button_text_color__hover=&#8221;#2b100a&#8221; sticky_enabled=&#8221;0&#8243;][\/et_pb_button][\/et_pb_column][\/et_pb_row][\/et_pb_section][et_pb_section fb_built=&#8221;1&#8243; admin_label=&#8221;Testimonial&#8221; _builder_version=&#8221;4.21.0&#8243; _module_preset=&#8221;default&#8221; background_enable_color=&#8221;off&#8221; saved_tabs=&#8221;all&#8221; global_colors_info=&#8221;{}&#8221;][et_pb_row _builder_version=&#8221;4.16&#8243; _module_preset=&#8221;default&#8221; width_tablet=&#8221;100%&#8221; width_phone=&#8221;&#8221; width_last_edited=&#8221;on|tablet&#8221; global_colors_info=&#8221;{}&#8221;][et_pb_column type=&#8221;4_4&#8243; _builder_version=&#8221;4.16&#8243; _module_preset=&#8221;default&#8221; global_colors_info=&#8221;{}&#8221;][et_pb_slider show_pagination=&#8221;off&#8221; module_class=&#8221;empireTestimonials slider-random&#8221; _builder_version=&#8221;4.27.4&#8243; _module_preset=&#8221;default&#8221; header_level=&#8221;h4&#8243; body_font=&#8221;Montserrat|200|on||||||&#8221; body_font_size=&#8221;36px&#8221; body_line_height=&#8221;1.4em&#8221; width=&#8221;1200px&#8221; max_width=&#8221;100%&#8221; module_alignment=&#8221;center&#8221; custom_padding=&#8221;50px||50px||true|false&#8221; body_font_size_tablet=&#8221;30px&#8221; body_font_size_phone=&#8221;24px&#8221; body_font_size_last_edited=&#8221;on|phone&#8221; global_colors_info=&#8221;{}&#8221;][et_pb_slide admin_title=&#8221;Christian Gallen&#8221; _builder_version=&#8221;4.27.4&#8243; _module_preset=&#8221;default&#8221; header_level=&#8221;h4&#8243; background_color=&#8221;rgba(0,0,0,0)&#8221; background_enable_color=&#8221;on&#8221; background_layout=&#8221;light&#8221; global_colors_info=&#8221;{}&#8221; sticky_transition=&#8221;on&#8221;]<p>\u201c<span>We&#8217;ve had several experiences of leading these kinds of groups, and we would love to share them with others as a beautiful, no-expectations way to connect deeply with people.<\/span>\u201d<\/p>\n<h4>Selwyn &amp; Hayley Coles (P\u0101keh\u0101),<br \/>Congregants<\/h4>[\/et_pb_slide][\/et_pb_slider][\/et_pb_column][\/et_pb_row][\/et_pb_section]\n","protected":false},"excerpt":{"rendered":"<p>Small Groups We\u2019re excited to announce that Te M\u012bhana M\u0101ori is supporting the development of small groups! This initiative responds to a growing desire for deeper connection and wh\u0101naungatanga, building on the foundation of our Sunday karakia. These groups provide an opportunity to deepen our faith and walk with Jesus, while also offering support through [&hellip;]<\/p>\n","protected":false},"author":12,"featured_media":101568,"parent":0,"menu_order":4,"comment_status":"closed","ping_status":"closed","template":"","meta":{"_et_pb_use_builder":"on","_et_pb_old_content":"<!-- wp:divi\/placeholder \/-->","_et_gb_content_width":"","footnotes":""},"class_list":["post-101567","page","type-page","status-publish","has-post-thumbnail","hentry"],"aioseo_notices":[],"_links":{"self":[{"href":"https:\/\/temihana.org.nz\/mi\/wp-json\/wp\/v2\/pages\/101567","targetHints":{"allow":["GET"]}}],"collection":[{"href":"https:\/\/temihana.org.nz\/mi\/wp-json\/wp\/v2\/pages"}],"about":[{"href":"https:\/\/temihana.org.nz\/mi\/wp-json\/wp\/v2\/types\/page"}],"author":[{"embeddable":true,"href":"https:\/\/temihana.org.nz\/mi\/wp-json\/wp\/v2\/users\/12"}],"replies":[{"embeddable":true,"href":"https:\/\/temihana.org.nz\/mi\/wp-json\/wp\/v2\/comments?post=101567"}],"version-history":[{"count":0,"href":"https:\/\/temihana.org.nz\/mi\/wp-json\/wp\/v2\/pages\/101567\/revisions"}],"wp:featuredmedia":[{"embeddable":true,"href":"https:\/\/temihana.org.nz\/mi\/wp-json\/wp\/v2\/media\/101568"}],"wp:attachment":[{"href":"https:\/\/temihana.org.nz\/mi\/wp-json\/wp\/v2\/media?parent=101567"}],"curies":[{"name":"wp","href":"https:\/\/api.w.org\/{rel}","templated":true}]}}