{"id":102212,"date":"2026-05-09T13:22:51","date_gmt":"2026-05-09T01:22:51","guid":{"rendered":"https:\/\/temihana.org.nz\/?page_id=102212"},"modified":"2026-05-09T14:07:35","modified_gmt":"2026-05-09T02:07:35","slug":"grafton-markets","status":"publish","type":"page","link":"https:\/\/temihana.org.nz\/mi\/grafton-markets\/","title":{"rendered":"Grafton Markets"},"content":{"rendered":"\n[et_pb_section fb_built=&#8221;1&#8243; custom_padding_last_edited=&#8221;on|phone&#8221; _builder_version=&#8221;4.27.4&#8243; _dynamic_attributes=&#8221;background_image&#8221; _module_preset=&#8221;default&#8221; background_color=&#8221;#2b2b3e&#8221; background_enable_color=&#8221;off&#8221; use_background_color_gradient=&#8221;on&#8221; background_color_gradient_stops=&#8221;rgba(47,38,25,0.33) 0%|rgba(47,38,25,0.25) 15%&#8221; background_color_gradient_overlays_image=&#8221;on&#8221; background_color_gradient_start=&#8221;rgba(43,43,62,0.33)&#8221; background_color_gradient_end=&#8221;rgba(43,43,62,0.25)&#8221; background_color_gradient_end_position=&#8221;15%&#8221; background_image=&#8221;@ET-DC@eyJkeW5hbWljIjp0cnVlLCJjb250ZW50IjoicG9zdF9mZWF0dXJlZF9pbWFnZSIsInNldHRpbmdzIjp7fX0=@&#8221; parallax=&#8221;on&#8221; custom_padding=&#8221;75px||75px||true|false&#8221; custom_padding_tablet=&#8221;50px||50px||true|false&#8221; custom_padding_phone=&#8221;25px||25px||true|false&#8221; global_module=&#8221;251&#8243; saved_tabs=&#8221;all&#8221; locked=&#8221;off&#8221; global_colors_info=&#8221;{}&#8221;][et_pb_row _builder_version=&#8221;4.16&#8243; _module_preset=&#8221;default&#8221; global_colors_info=&#8221;{}&#8221;][et_pb_column type=&#8221;4_4&#8243; _builder_version=&#8221;4.16&#8243; _module_preset=&#8221;default&#8221; global_colors_info=&#8221;{}&#8221;][et_pb_text _builder_version=&#8221;4.27.4&#8243; _dynamic_attributes=&#8221;content&#8221; _module_preset=&#8221;default&#8221; text_font=&#8221;&#8211;et_global_heading_font|700|||||||&#8221; text_font_size=&#8221;60px&#8221; text_line_height=&#8221;1.2em&#8221; header_font=&#8221;&#8211;et_global_heading_font|&#8211;et_global_heading_font_weight|||||||&#8221; header_font_size=&#8221;60px&#8221; text_orientation=&#8221;center&#8221; background_layout=&#8221;dark&#8221; width=&#8221;750px&#8221; max_width=&#8221;80%&#8221; module_alignment=&#8221;center&#8221; text_font_size_tablet=&#8221;48px&#8221; text_font_size_phone=&#8221;36px&#8221; text_font_size_last_edited=&#8221;on|phone&#8221; header_font_size_tablet=&#8221;48px&#8221; header_font_size_phone=&#8221;36px&#8221; header_font_size_last_edited=&#8221;on|phone&#8221; locked=&#8221;off&#8221; global_colors_info=&#8221;{}&#8221;]@ET-DC@eyJkeW5hbWljIjp0cnVlLCJjb250ZW50IjoicG9zdF90aXRsZSIsInNldHRpbmdzIjp7ImJlZm9yZSI6IjxoMSBzdHlsZT1cInBhZGRpbmctYm90dG9tOiAwcHhcIj4iLCJhZnRlciI6IjwvaDE+In19@[\/et_pb_text][\/et_pb_column][\/et_pb_row][\/et_pb_section][et_pb_section fb_built=&#8221;1&#8243; _builder_version=&#8221;4.16&#8243; _module_preset=&#8221;default&#8221; global_colors_info=&#8221;{}&#8221;][et_pb_row module_class=&#8221;inlineBtns&#8221; _builder_version=&#8221;4.21.0&#8243; _module_preset=&#8221;default&#8221; max_width=&#8221;750px&#8221; global_colors_info=&#8221;{}&#8221;][et_pb_column type=&#8221;4_4&#8243; _builder_version=&#8221;4.16&#8243; _module_preset=&#8221;default&#8221; global_colors_info=&#8221;{}&#8221;][et_pb_text _builder_version=&#8221;4.27.4&#8243; _module_preset=&#8221;1fc3cd09-8169-495e-a4e9-484640c3bbe3&#8243; locked=&#8221;off&#8221; global_colors_info=&#8221;{}&#8221;]<h2>Friday Night Markets<\/h2>[\/et_pb_text][et_pb_image src=&#8221;https:\/\/temihana.org.nz\/wp-content\/uploads\/2026\/01\/Facebook-Night-market-2026-2.png&#8221; alt=&#8221;Te M\u012bhana M\u0101ori &#8211; Grafton Night market &#8211; Fortnightly Friday &#8211; 4-8pm &#8211; 2 Burleigh Street, Grafton&#8221; _builder_version=&#8221;4.27.4&#8243; _module_preset=&#8221;default&#8221; global_colors_info=&#8221;{}&#8221;][\/et_pb_image][et_pb_text _builder_version=&#8221;4.27.4&#8243; _module_preset=&#8221;default&#8221; locked=&#8221;off&#8221; global_colors_info=&#8221;{}&#8221;]<p class=\"p1\">Join us for our fortnightly Friday night market. With over 20 vendors serving delicious food and selling beautiful crafts and clothing, there\u2019s sure to be something for everyone! The market runs from 4-8pm, with vendors lining the carpark at <a href=\"https:\/\/maps.app.goo.gl\/7CiD2jmtEWxphybQ7\">Te M\u012bhana M\u0101ori (2 Burleigh St, Grafton)<\/a>. The heaters will be on within T\u0101tai Hono Marae, creating a warm and cosy indoor space to sit, eat, and catch up with friends and wh\u0101nau &#8211; so invite them along! Limited free on-site parking, and free off-site parking from 6pm.<\/p>\n<p class=\"p1\"><b>Time\/Location\/Dates: 4-8pm &#8211; 2 Burleigh St, Grafton &#8211; Fortnightly on:<\/b><br \/>&#8211; Fri May 15, 2026<br \/>&#8211; Fri May 29, 2026<br \/>&#8211; Fri June 12, 2026<br \/>&#8211; Fri June 26, 2026<br \/>&#8211; Fri July 10, 2026<br \/>&#8211; Fri July 24, 2026<br \/>&#8211; Fri Aug 7, 2026<br \/>&#8211; Fri Aug 21, 2026<br \/>&#8211; Fri Sept 4, 2026<br \/>&#8211; Fri Sept 18, 2026<br \/>&#8211; Fri Oct 2, 2026<br \/>&#8211; Fri Oct 16, 2026<br \/>&#8211; Fri Oct 30, 2026<\/p>[\/et_pb_text][\/et_pb_column][\/et_pb_row][\/et_pb_section][et_pb_section fb_built=&#8221;1&#8243; _builder_version=&#8221;4.27.4&#8243; _module_preset=&#8221;default&#8221; background_color=&#8221;#FDF8F2&#8243; global_colors_info=&#8221;{}&#8221;][et_pb_row column_structure=&#8221;1_3,1_3,1_3&#8243; _builder_version=&#8221;4.27.4&#8243; _module_preset=&#8221;default&#8221; global_colors_info=&#8221;{}&#8221;][et_pb_column type=&#8221;1_3&#8243; _builder_version=&#8221;4.27.4&#8243; _module_preset=&#8221;default&#8221; global_colors_info=&#8221;{}&#8221;][et_pb_image src=&#8221;https:\/\/temihana.org.nz\/wp-content\/uploads\/2026\/05\/646774807_1241471174857538_7845672042843081422_n-1.jpg&#8221; _builder_version=&#8221;4.27.4&#8243; _module_preset=&#8221;default&#8221; global_colors_info=&#8221;{}&#8221;][\/et_pb_image][\/et_pb_column][et_pb_column type=&#8221;1_3&#8243; _builder_version=&#8221;4.27.4&#8243; _module_preset=&#8221;default&#8221; global_colors_info=&#8221;{}&#8221;][et_pb_image src=&#8221;https:\/\/temihana.org.nz\/wp-content\/uploads\/2026\/05\/646889129_1241471238190865_8707818301252978936_n.jpg&#8221; title_text=&#8221;646889129_1241471238190865_8707818301252978936_n&#8221; _builder_version=&#8221;4.27.4&#8243; _module_preset=&#8221;default&#8221; global_colors_info=&#8221;{}&#8221;][\/et_pb_image][\/et_pb_column][et_pb_column type=&#8221;1_3&#8243; _builder_version=&#8221;4.27.4&#8243; _module_preset=&#8221;default&#8221; global_colors_info=&#8221;{}&#8221;][et_pb_image src=&#8221;https:\/\/temihana.org.nz\/wp-content\/uploads\/2026\/05\/647023262_1241471404857515_7061455831252937636_n.jpg&#8221; alt=&#8221;Grafton Night Market &#8211; Gotcha Matcha&#8221; _builder_version=&#8221;4.27.4&#8243; _module_preset=&#8221;default&#8221; global_colors_info=&#8221;{}&#8221;][\/et_pb_image][\/et_pb_column][\/et_pb_row][et_pb_row column_structure=&#8221;1_3,1_3,1_3&#8243; _builder_version=&#8221;4.27.4&#8243; _module_preset=&#8221;default&#8221; global_colors_info=&#8221;{}&#8221;][et_pb_column type=&#8221;1_3&#8243; _builder_version=&#8221;4.27.4&#8243; _module_preset=&#8221;default&#8221; global_colors_info=&#8221;{}&#8221;][et_pb_image src=&#8221;https:\/\/temihana.org.nz\/wp-content\/uploads\/2026\/05\/646856711_1241471578190831_6474253674080411718_n-1.jpg&#8221; alt=&#8221;Grafton Night Market &#8211; Outdoor 2&#8243; _builder_version=&#8221;4.27.4&#8243; _module_preset=&#8221;default&#8221; global_colors_info=&#8221;{}&#8221;][\/et_pb_image][\/et_pb_column][et_pb_column type=&#8221;1_3&#8243; _builder_version=&#8221;4.27.4&#8243; _module_preset=&#8221;default&#8221; global_colors_info=&#8221;{}&#8221;][et_pb_image src=&#8221;https:\/\/temihana.org.nz\/wp-content\/uploads\/2026\/05\/646785697_1241471308190858_7227358917106117751_n-1.jpg&#8221; alt=&#8221;Grafton Night Market &#8211; Outdoor&#8221; _builder_version=&#8221;4.27.4&#8243; _module_preset=&#8221;default&#8221; global_colors_info=&#8221;{}&#8221;][\/et_pb_image][\/et_pb_column][et_pb_column type=&#8221;1_3&#8243; _builder_version=&#8221;4.27.4&#8243; _module_preset=&#8221;default&#8221; global_colors_info=&#8221;{}&#8221;][et_pb_image src=&#8221;https:\/\/temihana.org.nz\/wp-content\/uploads\/2026\/05\/646892733_1241471348190854_5787270300510692575_n-1.jpg&#8221; alt=&#8221;Grafton Night Market &#8211; T\u0101tai Hono&#8221; _builder_version=&#8221;4.27.4&#8243; _module_preset=&#8221;default&#8221; global_colors_info=&#8221;{}&#8221;][\/et_pb_image][\/et_pb_column][\/et_pb_row][\/et_pb_section]\n","protected":false},"excerpt":{"rendered":"<p>Friday Night MarketsJoin us for our fortnightly Friday night market. With over 20 vendors serving delicious food and selling beautiful crafts and clothing, there\u2019s sure to be something for everyone! The market runs from 4-8pm, with vendors lining the carpark at Te M\u012bhana M\u0101ori (2 Burleigh St, Grafton). The heaters will be on within T\u0101tai [&hellip;]<\/p>\n","protected":false},"author":12,"featured_media":102214,"parent":0,"menu_order":4,"comment_status":"closed","ping_status":"closed","template":"","meta":{"_et_pb_use_builder":"on","_et_pb_old_content":"<!-- wp:divi\/placeholder \/-->","_et_gb_content_width":"","footnotes":""},"class_list":["post-102212","page","type-page","status-publish","has-post-thumbnail","hentry"],"aioseo_notices":[],"_links":{"self":[{"href":"https:\/\/temihana.org.nz\/mi\/wp-json\/wp\/v2\/pages\/102212","targetHints":{"allow":["GET"]}}],"collection":[{"href":"https:\/\/temihana.org.nz\/mi\/wp-json\/wp\/v2\/pages"}],"about":[{"href":"https:\/\/temihana.org.nz\/mi\/wp-json\/wp\/v2\/types\/page"}],"author":[{"embeddable":true,"href":"https:\/\/temihana.org.nz\/mi\/wp-json\/wp\/v2\/users\/12"}],"replies":[{"embeddable":true,"href":"https:\/\/temihana.org.nz\/mi\/wp-json\/wp\/v2\/comments?post=102212"}],"version-history":[{"count":0,"href":"https:\/\/temihana.org.nz\/mi\/wp-json\/wp\/v2\/pages\/102212\/revisions"}],"wp:featuredmedia":[{"embeddable":true,"href":"https:\/\/temihana.org.nz\/mi\/wp-json\/wp\/v2\/media\/102214"}],"wp:attachment":[{"href":"https:\/\/temihana.org.nz\/mi\/wp-json\/wp\/v2\/media?parent=102212"}],"curies":[{"name":"wp","href":"https:\/\/api.w.org\/{rel}","templated":true}]}}